{"id":19517,"date":"2018-12-10T16:44:43","date_gmt":"2018-12-10T15:44:43","guid":{"rendered":"https:\/\/locle-rencontres.ch\/startseite\/"},"modified":"2025-07-16T10:33:34","modified_gmt":"2025-07-16T08:33:34","slug":"startseite","status":"publish","type":"page","link":"http:\/\/locle-rencontres.ch\/de\/","title":{"rendered":"Startseite"},"content":{"rendered":"\r\n<p>Website im Aufbau, besuchen Sie uns bald wieder!<\/p>\r\n","protected":false},"excerpt":{"rendered":"<p>Website im Aufbau, besuchen Sie uns bald wieder!<\/p>\n","protected":false},"author":1,"featured_media":0,"parent":0,"menu_order":0,"comment_status":"closed","ping_status":"open","template":"page-templates\/home.php","meta":{"_acf_changed":false,"inline_featured_image":false,"footnotes":""},"categories":[],"class_list":["post-19517","page","type-page","status-publish","hentry"],"acf":[],"yoast_head":"<!-- This site is optimized with the Yoast SEO plugin v27.3 - https:\/\/yoast.com\/product\/yoast-seo-wordpress\/ -->\n<title>Le Locle - Ein Ort f\u00fcr Begegnungen<\/title>\n<meta name=\"description\" content=\"Lassen Sie sich in Le Locle nieder, das ideal f\u00fcr Familien ist, reich an Kultur, umgeben von Natur, mit guten Wohn- und Transportm\u00f6glichkeiten.\" \/>\n<meta name=\"robots\" content=\"index, follow, max-snippet:-1, max-image-preview:large, max-video-preview:-1\" \/>\n<link rel=\"canonical\" href=\"https:\/\/locle-rencontres.ch\/de\/\" \/>\n<meta property=\"og:locale\" content=\"de_DE\" \/>\n<meta property=\"og:type\" content=\"article\" \/>\n<meta property=\"og:title\" content=\"Le Locle - Ein Ort f\u00fcr Begegnungen\" \/>\n<meta property=\"og:description\" content=\"Lassen Sie sich in Le Locle nieder, das ideal f\u00fcr Familien ist, reich an Kultur, umgeben von Natur, mit guten Wohn- und Transportm\u00f6glichkeiten.\" \/>\n<meta property=\"og:url\" content=\"https:\/\/locle-rencontres.ch\/de\/\" \/>\n<meta property=\"og:site_name\" content=\"Le Locle\" \/>\n<meta property=\"article:modified_time\" content=\"2025-07-16T08:33:34+00:00\" \/>\n<meta name=\"twitter:card\" content=\"summary_large_image\" \/>\n<meta name=\"twitter:label1\" content=\"Gesch\u00e4tzte Lesezeit\" \/>\n\t<meta name=\"twitter:data1\" content=\"1\u00a0Minute\" \/>\n<script type=\"application\/ld+json\" class=\"yoast-schema-graph\">{\"@context\":\"https:\\\/\\\/schema.org\",\"@graph\":[{\"@type\":\"WebPage\",\"@id\":\"https:\\\/\\\/locle-rencontres.ch\\\/de\\\/\",\"url\":\"https:\\\/\\\/locle-rencontres.ch\\\/de\\\/\",\"name\":\"Le Locle - Ein Ort f\u00fcr Begegnungen\",\"isPartOf\":{\"@id\":\"https:\\\/\\\/locle-rencontres.ch\\\/#website\"},\"datePublished\":\"2018-12-10T15:44:43+00:00\",\"dateModified\":\"2025-07-16T08:33:34+00:00\",\"description\":\"Lassen Sie sich in Le Locle nieder, das ideal f\u00fcr Familien ist, reich an Kultur, umgeben von Natur, mit guten Wohn- und Transportm\u00f6glichkeiten.\",\"breadcrumb\":{\"@id\":\"https:\\\/\\\/locle-rencontres.ch\\\/de\\\/#breadcrumb\"},\"inLanguage\":\"de\",\"potentialAction\":[{\"@type\":\"ReadAction\",\"target\":[\"https:\\\/\\\/locle-rencontres.ch\\\/de\\\/\"]}]},{\"@type\":\"BreadcrumbList\",\"@id\":\"https:\\\/\\\/locle-rencontres.ch\\\/de\\\/#breadcrumb\",\"itemListElement\":[{\"@type\":\"ListItem\",\"position\":1,\"name\":\"Accueil\",\"item\":\"https:\\\/\\\/locle-rencontres.ch\\\/de\\\/\"},{\"@type\":\"ListItem\",\"position\":2,\"name\":\"Startseite\"}]},{\"@type\":\"WebSite\",\"@id\":\"https:\\\/\\\/locle-rencontres.ch\\\/#website\",\"url\":\"https:\\\/\\\/locle-rencontres.ch\\\/\",\"name\":\"Le Locle - Site de rencontre\",\"description\":\"Rencontre\",\"publisher\":{\"@id\":\"https:\\\/\\\/locle-rencontres.ch\\\/#organization\"},\"potentialAction\":[{\"@type\":\"SearchAction\",\"target\":{\"@type\":\"EntryPoint\",\"urlTemplate\":\"https:\\\/\\\/locle-rencontres.ch\\\/?s={search_term_string}\"},\"query-input\":{\"@type\":\"PropertyValueSpecification\",\"valueRequired\":true,\"valueName\":\"search_term_string\"}}],\"inLanguage\":\"de\"},{\"@type\":\"Organization\",\"@id\":\"https:\\\/\\\/locle-rencontres.ch\\\/#organization\",\"name\":\"Le Locle - Site de rencontres\",\"url\":\"https:\\\/\\\/locle-rencontres.ch\\\/\",\"logo\":{\"@type\":\"ImageObject\",\"inLanguage\":\"de\",\"@id\":\"https:\\\/\\\/locle-rencontres.ch\\\/#\\\/schema\\\/logo\\\/image\\\/\",\"url\":\"http:\\\/\\\/locle-rencontres.ch\\\/wp-content\\\/uploads\\\/2024\\\/05\\\/locle.svg\",\"contentUrl\":\"http:\\\/\\\/locle-rencontres.ch\\\/wp-content\\\/uploads\\\/2024\\\/05\\\/locle.svg\",\"width\":186,\"height\":100,\"caption\":\"Le Locle - Site de rencontres\"},\"image\":{\"@id\":\"https:\\\/\\\/locle-rencontres.ch\\\/#\\\/schema\\\/logo\\\/image\\\/\"}}]}<\/script>\n<!-- \/ Yoast SEO plugin. -->","yoast_head_json":{"title":"Le Locle - Ein Ort f\u00fcr Begegnungen","description":"Lassen Sie sich in Le Locle nieder, das ideal f\u00fcr Familien ist, reich an Kultur, umgeben von Natur, mit guten Wohn- und Transportm\u00f6glichkeiten.","robots":{"index":"index","follow":"follow","max-snippet":"max-snippet:-1","max-image-preview":"max-image-preview:large","max-video-preview":"max-video-preview:-1"},"canonical":"https:\/\/locle-rencontres.ch\/de\/","og_locale":"de_DE","og_type":"article","og_title":"Le Locle - Ein Ort f\u00fcr Begegnungen","og_description":"Lassen Sie sich in Le Locle nieder, das ideal f\u00fcr Familien ist, reich an Kultur, umgeben von Natur, mit guten Wohn- und Transportm\u00f6glichkeiten.","og_url":"https:\/\/locle-rencontres.ch\/de\/","og_site_name":"Le Locle","article_modified_time":"2025-07-16T08:33:34+00:00","twitter_card":"summary_large_image","twitter_misc":{"Gesch\u00e4tzte Lesezeit":"1\u00a0Minute"},"schema":{"@context":"https:\/\/schema.org","@graph":[{"@type":"WebPage","@id":"https:\/\/locle-rencontres.ch\/de\/","url":"https:\/\/locle-rencontres.ch\/de\/","name":"Le Locle - Ein Ort f\u00fcr Begegnungen","isPartOf":{"@id":"https:\/\/locle-rencontres.ch\/#website"},"datePublished":"2018-12-10T15:44:43+00:00","dateModified":"2025-07-16T08:33:34+00:00","description":"Lassen Sie sich in Le Locle nieder, das ideal f\u00fcr Familien ist, reich an Kultur, umgeben von Natur, mit guten Wohn- und Transportm\u00f6glichkeiten.","breadcrumb":{"@id":"https:\/\/locle-rencontres.ch\/de\/#breadcrumb"},"inLanguage":"de","potentialAction":[{"@type":"ReadAction","target":["https:\/\/locle-rencontres.ch\/de\/"]}]},{"@type":"BreadcrumbList","@id":"https:\/\/locle-rencontres.ch\/de\/#breadcrumb","itemListElement":[{"@type":"ListItem","position":1,"name":"Accueil","item":"https:\/\/locle-rencontres.ch\/de\/"},{"@type":"ListItem","position":2,"name":"Startseite"}]},{"@type":"WebSite","@id":"https:\/\/locle-rencontres.ch\/#website","url":"https:\/\/locle-rencontres.ch\/","name":"Le Locle - Site de rencontre","description":"Rencontre","publisher":{"@id":"https:\/\/locle-rencontres.ch\/#organization"},"potentialAction":[{"@type":"SearchAction","target":{"@type":"EntryPoint","urlTemplate":"https:\/\/locle-rencontres.ch\/?s={search_term_string}"},"query-input":{"@type":"PropertyValueSpecification","valueRequired":true,"valueName":"search_term_string"}}],"inLanguage":"de"},{"@type":"Organization","@id":"https:\/\/locle-rencontres.ch\/#organization","name":"Le Locle - Site de rencontres","url":"https:\/\/locle-rencontres.ch\/","logo":{"@type":"ImageObject","inLanguage":"de","@id":"https:\/\/locle-rencontres.ch\/#\/schema\/logo\/image\/","url":"http:\/\/locle-rencontres.ch\/wp-content\/uploads\/2024\/05\/locle.svg","contentUrl":"http:\/\/locle-rencontres.ch\/wp-content\/uploads\/2024\/05\/locle.svg","width":186,"height":100,"caption":"Le Locle - Site de rencontres"},"image":{"@id":"https:\/\/locle-rencontres.ch\/#\/schema\/logo\/image\/"}}]}},"_links":{"self":[{"href":"http:\/\/locle-rencontres.ch\/de\/wp-json\/wp\/v2\/pages\/19517","targetHints":{"allow":["GET"]}}],"collection":[{"href":"http:\/\/locle-rencontres.ch\/de\/wp-json\/wp\/v2\/pages"}],"about":[{"href":"http:\/\/locle-rencontres.ch\/de\/wp-json\/wp\/v2\/types\/page"}],"author":[{"embeddable":true,"href":"http:\/\/locle-rencontres.ch\/de\/wp-json\/wp\/v2\/users\/1"}],"replies":[{"embeddable":true,"href":"http:\/\/locle-rencontres.ch\/de\/wp-json\/wp\/v2\/comments?post=19517"}],"version-history":[{"count":7,"href":"http:\/\/locle-rencontres.ch\/de\/wp-json\/wp\/v2\/pages\/19517\/revisions"}],"predecessor-version":[{"id":47497,"href":"http:\/\/locle-rencontres.ch\/de\/wp-json\/wp\/v2\/pages\/19517\/revisions\/47497"}],"wp:attachment":[{"href":"http:\/\/locle-rencontres.ch\/de\/wp-json\/wp\/v2\/media?parent=19517"}],"wp:term":[{"taxonomy":"category","embeddable":true,"href":"http:\/\/locle-rencontres.ch\/de\/wp-json\/wp\/v2\/categories?post=19517"}],"curies":[{"name":"wp","href":"https:\/\/api.w.org\/{rel}","templated":true}]}}