{"id":19564,"date":"2024-05-02T10:17:52","date_gmt":"2024-05-02T08:17:52","guid":{"rendered":"https:\/\/locle-rencontres.ch\/staerken\/"},"modified":"2025-01-27T14:57:04","modified_gmt":"2025-01-27T13:57:04","slug":"vorteilen","status":"publish","type":"page","link":"https:\/\/locle-rencontres.ch\/de\/vorteilen\/","title":{"rendered":"Vorteilen"},"content":{"rendered":"","protected":false},"excerpt":{"rendered":"","protected":false},"author":1,"featured_media":0,"parent":0,"menu_order":0,"comment_status":"closed","ping_status":"closed","template":"page-templates\/atouts.php","meta":{"_acf_changed":false,"inline_featured_image":false,"footnotes":""},"categories":[],"class_list":["post-19564","page","type-page","status-publish","hentry"],"acf":[],"yoast_head":"<!-- This site is optimized with the Yoast SEO plugin v27.3 - https:\/\/yoast.com\/product\/yoast-seo-wordpress\/ -->\n<title>Vorteilen - Le Locle<\/title>\n<meta name=\"description\" content=\"Entdecken Sie die Vorz\u00fcge von Le Locle: ein au\u00dfergew\u00f6hnlicher Lebensraum f\u00fcr Familien, ein reiches Kulturangebot, erschwingliche Wohnungen, eine intakte Natur und praktische Verkehrsmittel.\" \/>\n<meta name=\"robots\" content=\"index, follow, max-snippet:-1, max-image-preview:large, max-video-preview:-1\" \/>\n<link rel=\"canonical\" href=\"https:\/\/locle-rencontres.ch\/de\/vorteilen\/\" \/>\n<meta property=\"og:locale\" content=\"de_DE\" \/>\n<meta property=\"og:type\" content=\"article\" \/>\n<meta property=\"og:title\" content=\"Vorteilen - Le Locle\" \/>\n<meta property=\"og:description\" content=\"Entdecken Sie die Vorz\u00fcge von Le Locle: ein au\u00dfergew\u00f6hnlicher Lebensraum f\u00fcr Familien, ein reiches Kulturangebot, erschwingliche Wohnungen, eine intakte Natur und praktische Verkehrsmittel.\" \/>\n<meta property=\"og:url\" content=\"https:\/\/locle-rencontres.ch\/de\/vorteilen\/\" \/>\n<meta property=\"og:site_name\" content=\"Le Locle\" \/>\n<meta property=\"article:modified_time\" content=\"2025-01-27T13:57:04+00:00\" \/>\n<meta name=\"twitter:card\" content=\"summary_large_image\" \/>\n<script type=\"application\/ld+json\" class=\"yoast-schema-graph\">{\"@context\":\"https:\\\/\\\/schema.org\",\"@graph\":[{\"@type\":\"WebPage\",\"@id\":\"https:\\\/\\\/locle-rencontres.ch\\\/de\\\/vorteilen\\\/\",\"url\":\"https:\\\/\\\/locle-rencontres.ch\\\/de\\\/vorteilen\\\/\",\"name\":\"Vorteilen - Le Locle\",\"isPartOf\":{\"@id\":\"https:\\\/\\\/locle-rencontres.ch\\\/#website\"},\"datePublished\":\"2024-05-02T08:17:52+00:00\",\"dateModified\":\"2025-01-27T13:57:04+00:00\",\"description\":\"Entdecken Sie die Vorz\u00fcge von Le Locle: ein au\u00dfergew\u00f6hnlicher Lebensraum f\u00fcr Familien, ein reiches Kulturangebot, erschwingliche Wohnungen, eine intakte Natur und praktische Verkehrsmittel.\",\"breadcrumb\":{\"@id\":\"https:\\\/\\\/locle-rencontres.ch\\\/de\\\/vorteilen\\\/#breadcrumb\"},\"inLanguage\":\"de\",\"potentialAction\":[{\"@type\":\"ReadAction\",\"target\":[\"https:\\\/\\\/locle-rencontres.ch\\\/de\\\/vorteilen\\\/\"]}]},{\"@type\":\"BreadcrumbList\",\"@id\":\"https:\\\/\\\/locle-rencontres.ch\\\/de\\\/vorteilen\\\/#breadcrumb\",\"itemListElement\":[{\"@type\":\"ListItem\",\"position\":1,\"name\":\"Accueil\",\"item\":\"https:\\\/\\\/locle-rencontres.ch\\\/de\\\/\"},{\"@type\":\"ListItem\",\"position\":2,\"name\":\"Vorteilen\"}]},{\"@type\":\"WebSite\",\"@id\":\"https:\\\/\\\/locle-rencontres.ch\\\/#website\",\"url\":\"https:\\\/\\\/locle-rencontres.ch\\\/\",\"name\":\"Le Locle - Site de rencontre\",\"description\":\"Rencontre\",\"publisher\":{\"@id\":\"https:\\\/\\\/locle-rencontres.ch\\\/#organization\"},\"potentialAction\":[{\"@type\":\"SearchAction\",\"target\":{\"@type\":\"EntryPoint\",\"urlTemplate\":\"https:\\\/\\\/locle-rencontres.ch\\\/?s={search_term_string}\"},\"query-input\":{\"@type\":\"PropertyValueSpecification\",\"valueRequired\":true,\"valueName\":\"search_term_string\"}}],\"inLanguage\":\"de\"},{\"@type\":\"Organization\",\"@id\":\"https:\\\/\\\/locle-rencontres.ch\\\/#organization\",\"name\":\"Le Locle - Site de rencontres\",\"url\":\"https:\\\/\\\/locle-rencontres.ch\\\/\",\"logo\":{\"@type\":\"ImageObject\",\"inLanguage\":\"de\",\"@id\":\"https:\\\/\\\/locle-rencontres.ch\\\/#\\\/schema\\\/logo\\\/image\\\/\",\"url\":\"http:\\\/\\\/locle-rencontres.ch\\\/wp-content\\\/uploads\\\/2024\\\/05\\\/locle.svg\",\"contentUrl\":\"http:\\\/\\\/locle-rencontres.ch\\\/wp-content\\\/uploads\\\/2024\\\/05\\\/locle.svg\",\"width\":186,\"height\":100,\"caption\":\"Le Locle - Site de rencontres\"},\"image\":{\"@id\":\"https:\\\/\\\/locle-rencontres.ch\\\/#\\\/schema\\\/logo\\\/image\\\/\"}}]}<\/script>\n<!-- \/ Yoast SEO plugin. -->","yoast_head_json":{"title":"Vorteilen - Le Locle","description":"Entdecken Sie die Vorz\u00fcge von Le Locle: ein au\u00dfergew\u00f6hnlicher Lebensraum f\u00fcr Familien, ein reiches Kulturangebot, erschwingliche Wohnungen, eine intakte Natur und praktische Verkehrsmittel.","robots":{"index":"index","follow":"follow","max-snippet":"max-snippet:-1","max-image-preview":"max-image-preview:large","max-video-preview":"max-video-preview:-1"},"canonical":"https:\/\/locle-rencontres.ch\/de\/vorteilen\/","og_locale":"de_DE","og_type":"article","og_title":"Vorteilen - Le Locle","og_description":"Entdecken Sie die Vorz\u00fcge von Le Locle: ein au\u00dfergew\u00f6hnlicher Lebensraum f\u00fcr Familien, ein reiches Kulturangebot, erschwingliche Wohnungen, eine intakte Natur und praktische Verkehrsmittel.","og_url":"https:\/\/locle-rencontres.ch\/de\/vorteilen\/","og_site_name":"Le Locle","article_modified_time":"2025-01-27T13:57:04+00:00","twitter_card":"summary_large_image","schema":{"@context":"https:\/\/schema.org","@graph":[{"@type":"WebPage","@id":"https:\/\/locle-rencontres.ch\/de\/vorteilen\/","url":"https:\/\/locle-rencontres.ch\/de\/vorteilen\/","name":"Vorteilen - Le Locle","isPartOf":{"@id":"https:\/\/locle-rencontres.ch\/#website"},"datePublished":"2024-05-02T08:17:52+00:00","dateModified":"2025-01-27T13:57:04+00:00","description":"Entdecken Sie die Vorz\u00fcge von Le Locle: ein au\u00dfergew\u00f6hnlicher Lebensraum f\u00fcr Familien, ein reiches Kulturangebot, erschwingliche Wohnungen, eine intakte Natur und praktische Verkehrsmittel.","breadcrumb":{"@id":"https:\/\/locle-rencontres.ch\/de\/vorteilen\/#breadcrumb"},"inLanguage":"de","potentialAction":[{"@type":"ReadAction","target":["https:\/\/locle-rencontres.ch\/de\/vorteilen\/"]}]},{"@type":"BreadcrumbList","@id":"https:\/\/locle-rencontres.ch\/de\/vorteilen\/#breadcrumb","itemListElement":[{"@type":"ListItem","position":1,"name":"Accueil","item":"https:\/\/locle-rencontres.ch\/de\/"},{"@type":"ListItem","position":2,"name":"Vorteilen"}]},{"@type":"WebSite","@id":"https:\/\/locle-rencontres.ch\/#website","url":"https:\/\/locle-rencontres.ch\/","name":"Le Locle - Site de rencontre","description":"Rencontre","publisher":{"@id":"https:\/\/locle-rencontres.ch\/#organization"},"potentialAction":[{"@type":"SearchAction","target":{"@type":"EntryPoint","urlTemplate":"https:\/\/locle-rencontres.ch\/?s={search_term_string}"},"query-input":{"@type":"PropertyValueSpecification","valueRequired":true,"valueName":"search_term_string"}}],"inLanguage":"de"},{"@type":"Organization","@id":"https:\/\/locle-rencontres.ch\/#organization","name":"Le Locle - Site de rencontres","url":"https:\/\/locle-rencontres.ch\/","logo":{"@type":"ImageObject","inLanguage":"de","@id":"https:\/\/locle-rencontres.ch\/#\/schema\/logo\/image\/","url":"http:\/\/locle-rencontres.ch\/wp-content\/uploads\/2024\/05\/locle.svg","contentUrl":"http:\/\/locle-rencontres.ch\/wp-content\/uploads\/2024\/05\/locle.svg","width":186,"height":100,"caption":"Le Locle - Site de rencontres"},"image":{"@id":"https:\/\/locle-rencontres.ch\/#\/schema\/logo\/image\/"}}]}},"_links":{"self":[{"href":"https:\/\/locle-rencontres.ch\/de\/wp-json\/wp\/v2\/pages\/19564","targetHints":{"allow":["GET"]}}],"collection":[{"href":"https:\/\/locle-rencontres.ch\/de\/wp-json\/wp\/v2\/pages"}],"about":[{"href":"https:\/\/locle-rencontres.ch\/de\/wp-json\/wp\/v2\/types\/page"}],"author":[{"embeddable":true,"href":"https:\/\/locle-rencontres.ch\/de\/wp-json\/wp\/v2\/users\/1"}],"replies":[{"embeddable":true,"href":"https:\/\/locle-rencontres.ch\/de\/wp-json\/wp\/v2\/comments?post=19564"}],"version-history":[{"count":1,"href":"https:\/\/locle-rencontres.ch\/de\/wp-json\/wp\/v2\/pages\/19564\/revisions"}],"predecessor-version":[{"id":19589,"href":"https:\/\/locle-rencontres.ch\/de\/wp-json\/wp\/v2\/pages\/19564\/revisions\/19589"}],"wp:attachment":[{"href":"https:\/\/locle-rencontres.ch\/de\/wp-json\/wp\/v2\/media?parent=19564"}],"wp:term":[{"taxonomy":"category","embeddable":true,"href":"https:\/\/locle-rencontres.ch\/de\/wp-json\/wp\/v2\/categories?post=19564"}],"curies":[{"name":"wp","href":"https:\/\/api.w.org\/{rel}","templated":true}]}}