{"id":19569,"date":"2024-05-06T09:34:11","date_gmt":"2024-05-06T07:34:11","guid":{"rendered":"https:\/\/locle-rencontres.ch\/natur\/"},"modified":"2025-01-27T15:52:25","modified_gmt":"2025-01-27T14:52:25","slug":"natur","status":"publish","type":"page","link":"https:\/\/locle-rencontres.ch\/de\/natur\/","title":{"rendered":"Natur"},"content":{"rendered":"","protected":false},"excerpt":{"rendered":"","protected":false},"author":1,"featured_media":0,"parent":0,"menu_order":0,"comment_status":"closed","ping_status":"closed","template":"page-templates\/atout.php","meta":{"_acf_changed":false,"inline_featured_image":false,"footnotes":""},"categories":[],"class_list":["post-19569","page","type-page","status-publish","hentry"],"acf":[],"yoast_head":"<!-- This site is optimized with the Yoast SEO plugin v27.3 - https:\/\/yoast.com\/product\/yoast-seo-wordpress\/ -->\n<title>Natur - Le Locle<\/title>\n<meta name=\"description\" content=\"28 km Wanderwege und die Schneeschuhrouten von Le Locle. Genie\u00dfen Sie die Natur und die Aktivit\u00e4ten im Freien, w\u00e4hrend Sie unser lokales Erbe entdecken.\" \/>\n<meta name=\"robots\" content=\"index, follow, max-snippet:-1, max-image-preview:large, max-video-preview:-1\" \/>\n<link rel=\"canonical\" href=\"http:\/\/locle-rencontres.ch\/de\/natur\/\" \/>\n<meta property=\"og:locale\" content=\"de_DE\" \/>\n<meta property=\"og:type\" content=\"article\" \/>\n<meta property=\"og:title\" content=\"Natur - Le Locle\" \/>\n<meta property=\"og:description\" content=\"28 km Wanderwege und die Schneeschuhrouten von Le Locle. Genie\u00dfen Sie die Natur und die Aktivit\u00e4ten im Freien, w\u00e4hrend Sie unser lokales Erbe entdecken.\" \/>\n<meta property=\"og:url\" content=\"http:\/\/locle-rencontres.ch\/de\/natur\/\" \/>\n<meta property=\"og:site_name\" content=\"Le Locle\" \/>\n<meta property=\"article:modified_time\" content=\"2025-01-27T14:52:25+00:00\" \/>\n<meta name=\"twitter:card\" content=\"summary_large_image\" \/>\n<script type=\"application\/ld+json\" class=\"yoast-schema-graph\">{\"@context\":\"https:\\\/\\\/schema.org\",\"@graph\":[{\"@type\":\"WebPage\",\"@id\":\"http:\\\/\\\/locle-rencontres.ch\\\/de\\\/natur\\\/\",\"url\":\"http:\\\/\\\/locle-rencontres.ch\\\/de\\\/natur\\\/\",\"name\":\"Natur - Le Locle\",\"isPartOf\":{\"@id\":\"https:\\\/\\\/locle-rencontres.ch\\\/#website\"},\"datePublished\":\"2024-05-06T07:34:11+00:00\",\"dateModified\":\"2025-01-27T14:52:25+00:00\",\"description\":\"28 km Wanderwege und die Schneeschuhrouten von Le Locle. Genie\u00dfen Sie die Natur und die Aktivit\u00e4ten im Freien, w\u00e4hrend Sie unser lokales Erbe entdecken.\",\"breadcrumb\":{\"@id\":\"http:\\\/\\\/locle-rencontres.ch\\\/de\\\/natur\\\/#breadcrumb\"},\"inLanguage\":\"de\",\"potentialAction\":[{\"@type\":\"ReadAction\",\"target\":[\"http:\\\/\\\/locle-rencontres.ch\\\/de\\\/natur\\\/\"]}]},{\"@type\":\"BreadcrumbList\",\"@id\":\"http:\\\/\\\/locle-rencontres.ch\\\/de\\\/natur\\\/#breadcrumb\",\"itemListElement\":[{\"@type\":\"ListItem\",\"position\":1,\"name\":\"Accueil\",\"item\":\"https:\\\/\\\/locle-rencontres.ch\\\/de\\\/\"},{\"@type\":\"ListItem\",\"position\":2,\"name\":\"Natur\"}]},{\"@type\":\"WebSite\",\"@id\":\"https:\\\/\\\/locle-rencontres.ch\\\/#website\",\"url\":\"https:\\\/\\\/locle-rencontres.ch\\\/\",\"name\":\"Le Locle - Site de rencontre\",\"description\":\"Rencontre\",\"publisher\":{\"@id\":\"https:\\\/\\\/locle-rencontres.ch\\\/#organization\"},\"potentialAction\":[{\"@type\":\"SearchAction\",\"target\":{\"@type\":\"EntryPoint\",\"urlTemplate\":\"https:\\\/\\\/locle-rencontres.ch\\\/?s={search_term_string}\"},\"query-input\":{\"@type\":\"PropertyValueSpecification\",\"valueRequired\":true,\"valueName\":\"search_term_string\"}}],\"inLanguage\":\"de\"},{\"@type\":\"Organization\",\"@id\":\"https:\\\/\\\/locle-rencontres.ch\\\/#organization\",\"name\":\"Le Locle - Site de rencontres\",\"url\":\"https:\\\/\\\/locle-rencontres.ch\\\/\",\"logo\":{\"@type\":\"ImageObject\",\"inLanguage\":\"de\",\"@id\":\"https:\\\/\\\/locle-rencontres.ch\\\/#\\\/schema\\\/logo\\\/image\\\/\",\"url\":\"http:\\\/\\\/locle-rencontres.ch\\\/wp-content\\\/uploads\\\/2024\\\/05\\\/locle.svg\",\"contentUrl\":\"http:\\\/\\\/locle-rencontres.ch\\\/wp-content\\\/uploads\\\/2024\\\/05\\\/locle.svg\",\"width\":186,\"height\":100,\"caption\":\"Le Locle - Site de rencontres\"},\"image\":{\"@id\":\"https:\\\/\\\/locle-rencontres.ch\\\/#\\\/schema\\\/logo\\\/image\\\/\"}}]}<\/script>\n<!-- \/ Yoast SEO plugin. -->","yoast_head_json":{"title":"Natur - Le Locle","description":"28 km Wanderwege und die Schneeschuhrouten von Le Locle. Genie\u00dfen Sie die Natur und die Aktivit\u00e4ten im Freien, w\u00e4hrend Sie unser lokales Erbe entdecken.","robots":{"index":"index","follow":"follow","max-snippet":"max-snippet:-1","max-image-preview":"max-image-preview:large","max-video-preview":"max-video-preview:-1"},"canonical":"http:\/\/locle-rencontres.ch\/de\/natur\/","og_locale":"de_DE","og_type":"article","og_title":"Natur - Le Locle","og_description":"28 km Wanderwege und die Schneeschuhrouten von Le Locle. Genie\u00dfen Sie die Natur und die Aktivit\u00e4ten im Freien, w\u00e4hrend Sie unser lokales Erbe entdecken.","og_url":"http:\/\/locle-rencontres.ch\/de\/natur\/","og_site_name":"Le Locle","article_modified_time":"2025-01-27T14:52:25+00:00","twitter_card":"summary_large_image","schema":{"@context":"https:\/\/schema.org","@graph":[{"@type":"WebPage","@id":"http:\/\/locle-rencontres.ch\/de\/natur\/","url":"http:\/\/locle-rencontres.ch\/de\/natur\/","name":"Natur - Le Locle","isPartOf":{"@id":"https:\/\/locle-rencontres.ch\/#website"},"datePublished":"2024-05-06T07:34:11+00:00","dateModified":"2025-01-27T14:52:25+00:00","description":"28 km Wanderwege und die Schneeschuhrouten von Le Locle. Genie\u00dfen Sie die Natur und die Aktivit\u00e4ten im Freien, w\u00e4hrend Sie unser lokales Erbe entdecken.","breadcrumb":{"@id":"http:\/\/locle-rencontres.ch\/de\/natur\/#breadcrumb"},"inLanguage":"de","potentialAction":[{"@type":"ReadAction","target":["http:\/\/locle-rencontres.ch\/de\/natur\/"]}]},{"@type":"BreadcrumbList","@id":"http:\/\/locle-rencontres.ch\/de\/natur\/#breadcrumb","itemListElement":[{"@type":"ListItem","position":1,"name":"Accueil","item":"https:\/\/locle-rencontres.ch\/de\/"},{"@type":"ListItem","position":2,"name":"Natur"}]},{"@type":"WebSite","@id":"https:\/\/locle-rencontres.ch\/#website","url":"https:\/\/locle-rencontres.ch\/","name":"Le Locle - Site de rencontre","description":"Rencontre","publisher":{"@id":"https:\/\/locle-rencontres.ch\/#organization"},"potentialAction":[{"@type":"SearchAction","target":{"@type":"EntryPoint","urlTemplate":"https:\/\/locle-rencontres.ch\/?s={search_term_string}"},"query-input":{"@type":"PropertyValueSpecification","valueRequired":true,"valueName":"search_term_string"}}],"inLanguage":"de"},{"@type":"Organization","@id":"https:\/\/locle-rencontres.ch\/#organization","name":"Le Locle - Site de rencontres","url":"https:\/\/locle-rencontres.ch\/","logo":{"@type":"ImageObject","inLanguage":"de","@id":"https:\/\/locle-rencontres.ch\/#\/schema\/logo\/image\/","url":"http:\/\/locle-rencontres.ch\/wp-content\/uploads\/2024\/05\/locle.svg","contentUrl":"http:\/\/locle-rencontres.ch\/wp-content\/uploads\/2024\/05\/locle.svg","width":186,"height":100,"caption":"Le Locle - Site de rencontres"},"image":{"@id":"https:\/\/locle-rencontres.ch\/#\/schema\/logo\/image\/"}}]}},"_links":{"self":[{"href":"https:\/\/locle-rencontres.ch\/de\/wp-json\/wp\/v2\/pages\/19569","targetHints":{"allow":["GET"]}}],"collection":[{"href":"https:\/\/locle-rencontres.ch\/de\/wp-json\/wp\/v2\/pages"}],"about":[{"href":"https:\/\/locle-rencontres.ch\/de\/wp-json\/wp\/v2\/types\/page"}],"author":[{"embeddable":true,"href":"https:\/\/locle-rencontres.ch\/de\/wp-json\/wp\/v2\/users\/1"}],"replies":[{"embeddable":true,"href":"https:\/\/locle-rencontres.ch\/de\/wp-json\/wp\/v2\/comments?post=19569"}],"version-history":[{"count":2,"href":"https:\/\/locle-rencontres.ch\/de\/wp-json\/wp\/v2\/pages\/19569\/revisions"}],"predecessor-version":[{"id":19603,"href":"https:\/\/locle-rencontres.ch\/de\/wp-json\/wp\/v2\/pages\/19569\/revisions\/19603"}],"wp:attachment":[{"href":"https:\/\/locle-rencontres.ch\/de\/wp-json\/wp\/v2\/media?parent=19569"}],"wp:term":[{"taxonomy":"category","embeddable":true,"href":"https:\/\/locle-rencontres.ch\/de\/wp-json\/wp\/v2\/categories?post=19569"}],"curies":[{"name":"wp","href":"https:\/\/api.w.org\/{rel}","templated":true}]}}